{"id":448,"date":"2013-04-24T15:37:54","date_gmt":"2013-04-24T15:37:54","guid":{"rendered":"http:\/\/moriartyland.net\/mall\/?post_type=product&#038;p=448"},"modified":"2025-04-29T15:30:45","modified_gmt":"2025-04-29T15:30:45","slug":"moriarty-meets-mama-rosin-10inch","status":"publish","type":"product","link":"https:\/\/moriartyland.net\/mall\/product\/moriarty-meets-mama-rosin-10inch\/","title":{"rendered":"Moriarty Meets Mama Rosin &#8211; 10inch"},"content":{"rendered":"<p>\u26a0\ufe0f Notre boutique d\u00e9m\u00e9nage, vous pouvez retrouver tous les articles de Moriarty juste <a href=\"https:\/\/airrytmo.myshopify.com\/collections\/moriarty\"><strong>ici<\/strong><\/a> !<br \/>\n&#8212;<br \/>\n\u26a0\ufe0f Our store is moving, and you can find all Moriarty items right <a href=\"https:\/\/airrytmo.myshopify.com\/collections\/moriarty\"><strong>here<\/strong><\/a> !<\/p>\n<p>D\u2019une premi\u00e8re rencontre est n\u00e9e une collaboration de deux groupes passionn\u00e9s par leurs cr\u00e9ations respectives. Apr\u00e8s avoir invit\u00e9 Mama Rosin sur des cartes blanches \u00e0 plusieurs reprises (Festival du bout du monde en 2011, Festival Interceltique de Lorient en 2012), l\u2019envie de pousser plus loin cette rencontre artistique s\u2019est vite faite sentir. Elle s\u2019est donc poursuivie d\u2019abord par la sortie du nouvel album de Mama Rosin, \u00ab Bye Bye Bayou \u00bb le 4 f\u00e9vrier 2013 sur Air Rytmo, le label de Moriarty, puis nous avons r\u00e9alis\u00e9 un enregistrement commun en f\u00e9vrier au Studio Pigalle de Paris \u00e0 l\u2019occasion de la tourn\u00e9e fran\u00e7aise de Mama Rosin; la suite logique d\u2019une aventure humaine et musicale totale.<br \/>\n<a href=\"http:\/\/moriartyland.net\/site\/moriartysfriends\/mamarosin\/\">Plus d&#8217;info ici<\/a><\/p>\n","protected":false},"excerpt":{"rendered":"<p><a href=\"http:\/\/disquaireday.fr\/\" target=\"_blank\" rel=\"noopener\">Record Store Day<\/a> 2013 limited edition.<br \/>\nRelease on April 20th 2013.<br \/>\n5 new songs recorderd at Studio Pigalle &#8211; Paris.<\/p>\n","protected":false},"featured_media":459,"comment_status":"closed","ping_status":"closed","template":"","meta":{"jetpack_publicize_message":"","jetpack_is_tweetstorm":false,"jetpack_publicize_feature_enabled":true,"jetpack_social_post_already_shared":false,"jetpack_social_options":{"image_generator_settings":{"template":"highway","enabled":false}}},"product_cat":[73],"product_tag":[],"jetpack_publicize_connections":[],"aioseo_notices":[],"_links":{"self":[{"href":"https:\/\/moriartyland.net\/mall\/wp-json\/wp\/v2\/product\/448"}],"collection":[{"href":"https:\/\/moriartyland.net\/mall\/wp-json\/wp\/v2\/product"}],"about":[{"href":"https:\/\/moriartyland.net\/mall\/wp-json\/wp\/v2\/types\/product"}],"replies":[{"embeddable":true,"href":"https:\/\/moriartyland.net\/mall\/wp-json\/wp\/v2\/comments?post=448"}],"wp:featuredmedia":[{"embeddable":true,"href":"https:\/\/moriartyland.net\/mall\/wp-json\/wp\/v2\/media\/459"}],"wp:attachment":[{"href":"https:\/\/moriartyland.net\/mall\/wp-json\/wp\/v2\/media?parent=448"}],"wp:term":[{"taxonomy":"product_cat","embeddable":true,"href":"https:\/\/moriartyland.net\/mall\/wp-json\/wp\/v2\/product_cat?post=448"},{"taxonomy":"product_tag","embeddable":true,"href":"https:\/\/moriartyland.net\/mall\/wp-json\/wp\/v2\/product_tag?post=448"}],"curies":[{"name":"wp","href":"https:\/\/api.w.org\/{rel}","templated":true}]}}