{"id":2847,"date":"2022-05-16T14:00:58","date_gmt":"2022-05-16T14:00:58","guid":{"rendered":"https:\/\/moriartyland.net\/mall\/?post_type=product&#038;p=2847"},"modified":"2025-04-29T15:32:28","modified_gmt":"2025-04-29T15:32:28","slug":"precommande-vanishing-point-les-deux-voyages-de-suzanne-w-lp-disponible-septembre-2022","status":"publish","type":"product","link":"https:\/\/moriartyland.net\/mall\/product\/precommande-vanishing-point-les-deux-voyages-de-suzanne-w-lp-disponible-septembre-2022\/","title":{"rendered":"Vinyle &#8211; Vanishing Point &#8211; Les deux voyages de Suzanne W"},"content":{"rendered":"<p>\u26a0\ufe0f Notre boutique d\u00e9m\u00e9nage, vous pouvez retrouver tous les articles de Vanishing Point juste <a href=\"https:\/\/airrytmo.myshopify.com\/collections\/vanishing-point\"><strong>ici<\/strong><\/a> !<br \/>\n&#8212;<br \/>\n\u26a0\ufe0f Our store is moving, and you can find all Vanishing Point items right <a href=\"https:\/\/airrytmo.myshopify.com\/collections\/vanishing-point\"><strong>here<\/strong><\/a> !<\/p>\n<p>\u00c0 travers les grands espaces aux perspectives infinies de l\u2019Am\u00e9rique du Nord, Marc Lain\u00e9 nous propose un voyage mental vertigineux et fascinant. Avec les musiciens du groupe Moriarty, pr\u00e9sents sur sc\u00e8ne avec les com\u00e9diens, il nous entra\u00eene dans la qu\u00eate d\u2019un amour impossible o\u00f9 r\u00e9el et fantastique se r\u00e9pondent jusqu\u2019\u00e0 se superposer.<\/p>\n<p>Retrouvez dans ce vinyle la bande originale de la pi\u00e8ce de th\u00e9\u00e2tre, compos\u00e9e et interpr\u00e9t\u00e9e par le groupe Moriarty et la com\u00e9dienne Marie-Sophie Ferdane.<\/p>\n","protected":false},"excerpt":{"rendered":"<p>Commandez le vinyle de la bande originale de la pi\u00e8ce Vanishing Point, compos\u00e9e et interpr\u00e9t\u00e9e par le groupe Moriarty. Disponible septembre 2022<\/p>\n","protected":false},"featured_media":2996,"comment_status":"closed","ping_status":"closed","template":"","meta":{"jetpack_publicize_message":"","jetpack_is_tweetstorm":false,"jetpack_publicize_feature_enabled":true,"jetpack_social_post_already_shared":true,"jetpack_social_options":{"image_generator_settings":{"template":"highway","enabled":false}}},"product_cat":[93,77],"product_tag":[],"jetpack_publicize_connections":[],"aioseo_notices":[],"_links":{"self":[{"href":"https:\/\/moriartyland.net\/mall\/wp-json\/wp\/v2\/product\/2847"}],"collection":[{"href":"https:\/\/moriartyland.net\/mall\/wp-json\/wp\/v2\/product"}],"about":[{"href":"https:\/\/moriartyland.net\/mall\/wp-json\/wp\/v2\/types\/product"}],"replies":[{"embeddable":true,"href":"https:\/\/moriartyland.net\/mall\/wp-json\/wp\/v2\/comments?post=2847"}],"wp:featuredmedia":[{"embeddable":true,"href":"https:\/\/moriartyland.net\/mall\/wp-json\/wp\/v2\/media\/2996"}],"wp:attachment":[{"href":"https:\/\/moriartyland.net\/mall\/wp-json\/wp\/v2\/media?parent=2847"}],"wp:term":[{"taxonomy":"product_cat","embeddable":true,"href":"https:\/\/moriartyland.net\/mall\/wp-json\/wp\/v2\/product_cat?post=2847"},{"taxonomy":"product_tag","embeddable":true,"href":"https:\/\/moriartyland.net\/mall\/wp-json\/wp\/v2\/product_tag?post=2847"}],"curies":[{"name":"wp","href":"https:\/\/api.w.org\/{rel}","templated":true}]}}