{"id":2146,"date":"2019-01-23T14:50:38","date_gmt":"2019-01-23T14:50:38","guid":{"rendered":"http:\/\/moriartyland.net\/mall\/?post_type=product&#038;p=2146"},"modified":"2025-04-29T15:26:35","modified_gmt":"2025-04-29T15:26:35","slug":"carnets-de-comptoir","status":"publish","type":"product","link":"https:\/\/moriartyland.net\/mall\/product\/carnets-de-comptoir\/","title":{"rendered":"Carnets de Comptoir (Sur les pas de Robert Doisneau) &#8211; Dessins de Stephan Zimmerli"},"content":{"rendered":"<p><strong>\u26a0\ufe0f Notre boutique d\u00e9m\u00e9nage, vous pouvez retrouver tous les articles de Moriarty juste <a href=\"https:\/\/airrytmo.myshopify.com\/collections\/moriarty\">ici<\/a> !<br \/>\n&#8212;<br \/>\n\u26a0\ufe0f Our store is moving, and you can find all Moriarty items right <a href=\"https:\/\/airrytmo.myshopify.com\/collections\/moriarty\">here<\/a> !<\/p>\n<p>Carnets de Comptoir (Sur les pas de Robert Doisneau) &#8211; Dessins de Stephan Zimmerli \/ Paris 11.2018<\/strong><\/p>\n<p>Livret de 40 pages (impression monochrome sur papier Munken Pure 120g \/ couverture en carton brut marqu\u00e9 \u00e0 chaud, reliure \u00e0 la bodonienne).<\/p>\n<p>Toute sa vie, Robert Doineau a arpent\u00e9 les bistrots, caf\u00e9s-charbons et autres rendez-vous nocturnes des rues parisiennes, en qu\u00eate de visages, de personnages, d\u2019histoires et d\u2019instants de vie \u00e9chevel\u00e9s.<br \/>\nDessin\u00e9 par Stephan Zimmerli pour l\u2019exposition \u00ab Doisneau et la Musique \u00bb \u00e0 la Philharmonie de Paris, ce carnet retrace les parcours du photographe en revenant sur les m\u00eames lieux, un demi-si\u00e8cle plus tard : accoud\u00e9s aux m\u00eames comptoirs, les visages du XXIe si\u00e8cle y croisent les fant\u00f4mes de ceux capt\u00e9s par Doisneau entre les ann\u00e9es 50 et 80.<\/p>\n<p>\/\/\/\/\/\/\/\/\/\/\/\/\/\/\/\/\/\/\/\/\/\/\/\/\/<\/p>\n<p>40-page booklet (monochrome print on Munken Pure 120g paper \/ rough cardboard hardcover with hot stamping, bodonian binding)<\/p>\n<p>Throughout his entire life, Robert Doisneau kept chasing faces, characters, singular stories and unexpected happenings in a few Parisian bistrots, caf\u00e9s and nightly haunts that he kept returning to, guided by his friends Giraud &amp; Pr\u00e9vert.<br \/>\nDrawn by Stephan Zimmerli for the exhibition \u201cDoisneau &amp; Music\u201d at the Paris Philharmonie, this sketchbook follows the footsteps of the famous photographer by returning to the same places, half a century later: standing along the same counters, the faces of the XXIst century merge with the ghosts of those captured by Doisneau between the fifties and the eighties.<\/p>\n","protected":false},"excerpt":{"rendered":"<p>\u26a0\ufe0f Notre boutique d\u00e9m\u00e9nage, vous pouvez retrouver tous les articles de Moriarty juste ici ! &#8212; \u26a0\ufe0f Our store is moving, and you can find all Moriarty items right here ! Carnets de Comptoir (Sur les pas de Robert Doisneau) &#8211; Dessins de Stephan Zimmerli \/ Paris 11.2018 Livret de 40 pages (impression monochrome sur [&hellip;]<\/p>\n","protected":false},"featured_media":2147,"comment_status":"closed","ping_status":"closed","template":"","meta":{"jetpack_publicize_message":"","jetpack_is_tweetstorm":false,"jetpack_publicize_feature_enabled":true,"jetpack_social_post_already_shared":true,"jetpack_social_options":{"image_generator_settings":{"template":"highway","enabled":false}}},"product_cat":[82,68],"product_tag":[],"jetpack_publicize_connections":[],"aioseo_notices":[],"_links":{"self":[{"href":"https:\/\/moriartyland.net\/mall\/wp-json\/wp\/v2\/product\/2146"}],"collection":[{"href":"https:\/\/moriartyland.net\/mall\/wp-json\/wp\/v2\/product"}],"about":[{"href":"https:\/\/moriartyland.net\/mall\/wp-json\/wp\/v2\/types\/product"}],"replies":[{"embeddable":true,"href":"https:\/\/moriartyland.net\/mall\/wp-json\/wp\/v2\/comments?post=2146"}],"wp:featuredmedia":[{"embeddable":true,"href":"https:\/\/moriartyland.net\/mall\/wp-json\/wp\/v2\/media\/2147"}],"wp:attachment":[{"href":"https:\/\/moriartyland.net\/mall\/wp-json\/wp\/v2\/media?parent=2146"}],"wp:term":[{"taxonomy":"product_cat","embeddable":true,"href":"https:\/\/moriartyland.net\/mall\/wp-json\/wp\/v2\/product_cat?post=2146"},{"taxonomy":"product_tag","embeddable":true,"href":"https:\/\/moriartyland.net\/mall\/wp-json\/wp\/v2\/product_tag?post=2146"}],"curies":[{"name":"wp","href":"https:\/\/api.w.org\/{rel}","templated":true}]}}