{"id":2095,"date":"2018-11-15T18:29:02","date_gmt":"2018-11-15T18:29:02","guid":{"rendered":"http:\/\/moriartyland.net\/mall\/?post_type=product&#038;p=2095"},"modified":"2025-04-29T15:26:57","modified_gmt":"2025-04-29T15:26:57","slug":"echoes-from-the-borderline-photobook-double-cd","status":"publish","type":"product","link":"https:\/\/moriartyland.net\/mall\/product\/echoes-from-the-borderline-photobook-double-cd\/","title":{"rendered":"Echoes From The Borderline &#8211; Photobook (+ double CD)"},"content":{"rendered":"<p>\u26a0\ufe0f Notre boutique d\u00e9m\u00e9nage, vous pouvez retrouver tous les articles de Moriarty juste <a href=\"https:\/\/airrytmo.myshopify.com\/collections\/moriarty\"><strong>ici<\/strong><\/a> !<br \/>\n&#8212;<br \/>\n\u26a0\ufe0f Our store is moving, and you can find all Moriarty items right <a href=\"https:\/\/airrytmo.myshopify.com\/collections\/moriarty\"><strong>here<\/strong><\/a> !<\/p>\n<p>As the final chapter of our live project \u201cEchoes From The Borderline\u201d, this large-format, 200-page book contains over 150 analog photographs and drawings made by Stephan \u201cZim\u201d Moriarty during the band\u2019s ten-year tour across the world, to tell the story behind these 800 concerts, half-a-million kilometers and 25 countries travelled in music\u2026 a visual and sonic voyage, told from the musicians\u2019 intimate point-of-view, through which you can see the grain of the negative film echoing the grain of the charcoal drawings, blending with the organic tape-sounds of the bootlegs and the texture of the asphalt roaring beneath the wheels of the tour-bus\u2026 then, to bring the images and the songs together, the book also features two CDs inserted in the last page, with the 26 tracks of the live album.<\/p>\n<p>\/\/\/\/\/\/\/\/\/\/\/\/\/\/\/\/\/\/\/\/\/\/\/\/\/<\/p>\n<p>Ultime chapitre de notre projet d\u2019album live \u201cEchoes From The Borderline\u201d, ce livre grand-format de 200 pages contient plus de 150 photographies et dessins r\u00e9alis\u00e9s par Stephan \u201cZim\u201d Moriarty pendant les dix ans de tourn\u00e9e continue du groupe autour du monde, afin de raconter l\u2019histoire de ces 800 concerts, de ce demi-million de kilom\u00e8tres et 25 nations travers\u00e9es en musique\u2026 un voyage visuel et sonore, vu \u00e0 travers l\u2019\u0153il des musiciens, o\u00f9 l\u2019on peut sentir le grain des n\u00e9gatifs faire \u00e9cho au grain du fusain sur le papier, et se fondre avec le son organique des bootlegs sur bande magn\u00e9tique et la texture de l\u2019asphalte rugissant sous les roues du tour-bus\u2026 afin d\u2019unir le son et l\u2019image, le livre contient aussi deux CDs ins\u00e9r\u00e9s en derni\u00e8re page, avec les 26 titres de l\u2019album live.<\/p>\n","protected":false},"excerpt":{"rendered":"<p>\u26a0\ufe0f Notre boutique d\u00e9m\u00e9nage, vous pouvez retrouver tous les articles de Moriarty juste ici ! &#8212; \u26a0\ufe0f Our store is moving, and you can find all Moriarty items right here ! As the final chapter of our live project \u201cEchoes From The Borderline\u201d, this large-format, 200-page book contains over 150 analog photographs and drawings made [&hellip;]<\/p>\n","protected":false},"featured_media":2103,"comment_status":"closed","ping_status":"closed","template":"","meta":{"jetpack_publicize_message":"","jetpack_is_tweetstorm":false,"jetpack_publicize_feature_enabled":true,"jetpack_social_post_already_shared":true,"jetpack_social_options":{"image_generator_settings":{"template":"highway","enabled":false}}},"product_cat":[82,80,68],"product_tag":[],"jetpack_publicize_connections":[],"aioseo_notices":[],"_links":{"self":[{"href":"https:\/\/moriartyland.net\/mall\/wp-json\/wp\/v2\/product\/2095"}],"collection":[{"href":"https:\/\/moriartyland.net\/mall\/wp-json\/wp\/v2\/product"}],"about":[{"href":"https:\/\/moriartyland.net\/mall\/wp-json\/wp\/v2\/types\/product"}],"replies":[{"embeddable":true,"href":"https:\/\/moriartyland.net\/mall\/wp-json\/wp\/v2\/comments?post=2095"}],"wp:featuredmedia":[{"embeddable":true,"href":"https:\/\/moriartyland.net\/mall\/wp-json\/wp\/v2\/media\/2103"}],"wp:attachment":[{"href":"https:\/\/moriartyland.net\/mall\/wp-json\/wp\/v2\/media?parent=2095"}],"wp:term":[{"taxonomy":"product_cat","embeddable":true,"href":"https:\/\/moriartyland.net\/mall\/wp-json\/wp\/v2\/product_cat?post=2095"},{"taxonomy":"product_tag","embeddable":true,"href":"https:\/\/moriartyland.net\/mall\/wp-json\/wp\/v2\/product_tag?post=2095"}],"curies":[{"name":"wp","href":"https:\/\/api.w.org\/{rel}","templated":true}]}}