{"id":2031,"date":"2018-04-26T15:26:45","date_gmt":"2018-04-26T15:26:45","guid":{"rendered":"http:\/\/moriartyland.net\/mall\/?post_type=product&#038;p=2031"},"modified":"2025-04-29T15:15:09","modified_gmt":"2025-04-29T15:15:09","slug":"astereotypie-cd","status":"publish","type":"product","link":"https:\/\/moriartyland.net\/mall\/product\/astereotypie-cd\/","title":{"rendered":"Ast\u00e9r\u00e9otypie &#8211; &#8220;L&#8217;\u00e9nergie positive des dieux&#8221; &#8211; CD"},"content":{"rendered":"<p>\u26a0\ufe0f Notre boutique d\u00e9m\u00e9nage, vous pouvez retrouver tous les articles d&#8217;Ast\u00e9r\u00e9otypie juste <a href=\"https:\/\/airrytmo.myshopify.com\/collections\/astereotypie\"><strong>ici<\/strong><\/a> !<br \/>\n&#8212;<br \/>\n\u26a0\ufe0f Our store is moving, and you can find all Ast\u00e9r\u00e9otypie items right <a href=\"https:\/\/airrytmo.myshopify.com\/collections\/astereotypie\"><strong>here<\/strong><\/a> !<\/p>\n","protected":false},"excerpt":{"rendered":"<p>\u26a0\ufe0f Notre boutique d\u00e9m\u00e9nage, vous pouvez retrouver tous les articles d&#8217;Ast\u00e9r\u00e9otypie juste ici ! &#8212; \u26a0\ufe0f Our store is moving, and you can find all Ast\u00e9r\u00e9otypie items right here !<\/p>\n","protected":false},"featured_media":2774,"comment_status":"closed","ping_status":"closed","template":"","meta":{"jetpack_publicize_message":"","jetpack_is_tweetstorm":false,"jetpack_publicize_feature_enabled":true,"jetpack_social_post_already_shared":true,"jetpack_social_options":{"image_generator_settings":{"template":"highway","enabled":false}}},"product_cat":[71,87],"product_tag":[],"jetpack_publicize_connections":[],"aioseo_notices":[],"_links":{"self":[{"href":"https:\/\/moriartyland.net\/mall\/wp-json\/wp\/v2\/product\/2031"}],"collection":[{"href":"https:\/\/moriartyland.net\/mall\/wp-json\/wp\/v2\/product"}],"about":[{"href":"https:\/\/moriartyland.net\/mall\/wp-json\/wp\/v2\/types\/product"}],"replies":[{"embeddable":true,"href":"https:\/\/moriartyland.net\/mall\/wp-json\/wp\/v2\/comments?post=2031"}],"wp:featuredmedia":[{"embeddable":true,"href":"https:\/\/moriartyland.net\/mall\/wp-json\/wp\/v2\/media\/2774"}],"wp:attachment":[{"href":"https:\/\/moriartyland.net\/mall\/wp-json\/wp\/v2\/media?parent=2031"}],"wp:term":[{"taxonomy":"product_cat","embeddable":true,"href":"https:\/\/moriartyland.net\/mall\/wp-json\/wp\/v2\/product_cat?post=2031"},{"taxonomy":"product_tag","embeddable":true,"href":"https:\/\/moriartyland.net\/mall\/wp-json\/wp\/v2\/product_tag?post=2031"}],"curies":[{"name":"wp","href":"https:\/\/api.w.org\/{rel}","templated":true}]}}