{"id":1945,"date":"2018-01-11T14:30:45","date_gmt":"2018-01-11T14:30:45","guid":{"rendered":"http:\/\/moriartyland.net\/mall\/?post_type=product&#038;p=1945"},"modified":"2025-04-29T15:27:23","modified_gmt":"2025-04-29T15:27:23","slug":"echoes-from-the-borderline-triple-lp","status":"publish","type":"product","link":"https:\/\/moriartyland.net\/mall\/product\/echoes-from-the-borderline-triple-lp\/","title":{"rendered":"Echoes From The Borderline &#8211; Triple LP"},"content":{"rendered":"<p>\u26a0\ufe0f Notre boutique d\u00e9m\u00e9nage, vous pouvez retrouver tous les articles de Moriarty juste <a href=\"https:\/\/airrytmo.myshopify.com\/collections\/moriarty\"><strong>ici<\/strong><\/a> !<br \/>\n&#8212;<br \/>\n\u26a0\ufe0f Our store is moving, and you can find all Moriarty items right <a href=\"https:\/\/airrytmo.myshopify.com\/collections\/moriarty\"><strong>here<\/strong><\/a> !<\/p>\n<p>Triple-vinyl LP, 33rpm 12-inch format: Moriarty&#8217;s live album &#8220;Echoes From The Borderline&#8221;, 26 tracks (including a few rarities &amp; unheard songs!) recorded on stage during the band&#8217;s ten-year tour around the world. It comes in a rough-cardboard trifold sleeve, with Zim Moriarty&#8217;s cover artwork and a timeline of all 800 Moriarty gigs, all patiently hand-drawn&#8230; includes a bonus download-card to get a digital copy of the album.<\/p>\n<p>\/\/\/\/\/\/\/\/\/\/\/\/\/\/\/\/\/\/\/\/\/\/\/\/\/<\/p>\n<p>Triple-vinyle 33 tours: l&#8217;album live de Moriarty, &#8220;Echoes From The Borderline&#8221;, 26 morceaux (dont quelques raret\u00e9s et chansons in\u00e9dites!) enregistr\u00e9es sur sc\u00e8ne au fil des dix ans de tourn\u00e9e du groupe autour du monde. Le tout dans une pochette trifold en carton retourn\u00e9, avec une illustration de couverture par Zim Moriarty, et \u00e0 l&#8217;int\u00e9rieur, un tableau des 800 concerts de Moriarty patiemment dessin\u00e9 \u00e0 la main&#8230; en bonus, une carte de t\u00e9l\u00e9chargement pour recevoir la version digitale de l&#8217;album.<\/p>\n","protected":false},"excerpt":{"rendered":"<p>\u26a0\ufe0f Notre boutique d\u00e9m\u00e9nage, vous pouvez retrouver tous les articles de Moriarty juste ici ! &#8212; \u26a0\ufe0f Our store is moving, and you can find all Moriarty items right here ! Triple-vinyl LP, 33rpm 12-inch format: Moriarty&#8217;s live album &#8220;Echoes From The Borderline&#8221;, 26 tracks (including a few rarities &amp; unheard songs!) recorded on stage [&hellip;]<\/p>\n","protected":false},"featured_media":3095,"comment_status":"closed","ping_status":"closed","template":"","meta":{"jetpack_publicize_message":"","jetpack_is_tweetstorm":false,"jetpack_publicize_feature_enabled":true,"jetpack_social_post_already_shared":true,"jetpack_social_options":{"image_generator_settings":{"template":"highway","enabled":false}}},"product_cat":[79,68],"product_tag":[],"jetpack_publicize_connections":[],"aioseo_notices":[],"_links":{"self":[{"href":"https:\/\/moriartyland.net\/mall\/wp-json\/wp\/v2\/product\/1945"}],"collection":[{"href":"https:\/\/moriartyland.net\/mall\/wp-json\/wp\/v2\/product"}],"about":[{"href":"https:\/\/moriartyland.net\/mall\/wp-json\/wp\/v2\/types\/product"}],"replies":[{"embeddable":true,"href":"https:\/\/moriartyland.net\/mall\/wp-json\/wp\/v2\/comments?post=1945"}],"wp:featuredmedia":[{"embeddable":true,"href":"https:\/\/moriartyland.net\/mall\/wp-json\/wp\/v2\/media\/3095"}],"wp:attachment":[{"href":"https:\/\/moriartyland.net\/mall\/wp-json\/wp\/v2\/media?parent=1945"}],"wp:term":[{"taxonomy":"product_cat","embeddable":true,"href":"https:\/\/moriartyland.net\/mall\/wp-json\/wp\/v2\/product_cat?post=1945"},{"taxonomy":"product_tag","embeddable":true,"href":"https:\/\/moriartyland.net\/mall\/wp-json\/wp\/v2\/product_tag?post=1945"}],"curies":[{"name":"wp","href":"https:\/\/api.w.org\/{rel}","templated":true}]}}