{"id":1897,"date":"2017-11-10T09:33:10","date_gmt":"2017-11-10T09:33:10","guid":{"rendered":"http:\/\/moriartyland.net\/mall\/?post_type=product&#038;p=1897"},"modified":"2025-04-29T15:27:43","modified_gmt":"2025-04-29T15:27:43","slug":"echoes-from-the-borderline-double-cd","status":"publish","type":"product","link":"https:\/\/moriartyland.net\/mall\/product\/echoes-from-the-borderline-double-cd\/","title":{"rendered":"Echoes From The Borderline &#8211; Double CD"},"content":{"rendered":"<p>\u26a0\ufe0f Notre boutique d\u00e9m\u00e9nage, vous pouvez retrouver tous les articles de Moriarty juste <a href=\"https:\/\/airrytmo.myshopify.com\/collections\/moriarty\"><strong>ici<\/strong><\/a> !<br \/>\n&#8212;<br \/>\n\u26a0\ufe0f Our store is moving, and you can find all Moriarty items right <a href=\"https:\/\/airrytmo.myshopify.com\/collections\/moriarty\"><strong>here<\/strong><\/a> !<\/p>\n<p>Moriarty&#8217;s live album &#8220;Echoes From The Borderline&#8221;, 26 tracks (including a few rarities &amp; unheard songs!), recorded on stage during Moriarty&#8217;s ten-year tour around the world: a double-CD in a media-book sleeve with a 48-page booklet containing Zim&#8217;s analog photographs, shot with a Leica M6 on the road between gigs, all printed on matte and velvety offset paper &#8230;<\/p>\n<p>\/\/\/\/\/\/\/\/\/\/\/\/\/\/\/\/\/\/\/\/\/\/\/\/\/<\/p>\n<p>Le double-CD live de Moriarty, &#8220;Echoes From The Borderline&#8221;: 26 chansons (dont quelques in\u00e9dits &amp; raret\u00e9s) enregistr\u00e9es sur sc\u00e8ne au cours des dix ans de tourn\u00e9e de Moriarty autour du globe, accompagn\u00e9es d&#8217;un livret de 48 pages contenant les photographies argentiques prises par Zim Moriarty au Leica M6, sur la route entre les concerts, le tout imprim\u00e9 sur un papier offset mat et velout\u00e9&#8230;<\/p>\n<p>&nbsp;<\/p>\n","protected":false},"excerpt":{"rendered":"<p>\u26a0\ufe0f Notre boutique d\u00e9m\u00e9nage, vous pouvez retrouver tous les articles de Moriarty juste ici ! &#8212; \u26a0\ufe0f Our store is moving, and you can find all Moriarty items right here ! Moriarty&#8217;s live album &#8220;Echoes From The Borderline&#8221;, 26 tracks (including a few rarities &amp; unheard songs!), recorded on stage during Moriarty&#8217;s ten-year tour around [&hellip;]<\/p>\n","protected":false},"featured_media":3099,"comment_status":"closed","ping_status":"closed","template":"","meta":{"jetpack_publicize_message":"","jetpack_is_tweetstorm":false,"jetpack_publicize_feature_enabled":true,"jetpack_social_post_already_shared":true,"jetpack_social_options":{"image_generator_settings":{"template":"highway","enabled":false}}},"product_cat":[80,68],"product_tag":[],"jetpack_publicize_connections":[],"aioseo_notices":[],"_links":{"self":[{"href":"https:\/\/moriartyland.net\/mall\/wp-json\/wp\/v2\/product\/1897"}],"collection":[{"href":"https:\/\/moriartyland.net\/mall\/wp-json\/wp\/v2\/product"}],"about":[{"href":"https:\/\/moriartyland.net\/mall\/wp-json\/wp\/v2\/types\/product"}],"replies":[{"embeddable":true,"href":"https:\/\/moriartyland.net\/mall\/wp-json\/wp\/v2\/comments?post=1897"}],"wp:featuredmedia":[{"embeddable":true,"href":"https:\/\/moriartyland.net\/mall\/wp-json\/wp\/v2\/media\/3099"}],"wp:attachment":[{"href":"https:\/\/moriartyland.net\/mall\/wp-json\/wp\/v2\/media?parent=1897"}],"wp:term":[{"taxonomy":"product_cat","embeddable":true,"href":"https:\/\/moriartyland.net\/mall\/wp-json\/wp\/v2\/product_cat?post=1897"},{"taxonomy":"product_tag","embeddable":true,"href":"https:\/\/moriartyland.net\/mall\/wp-json\/wp\/v2\/product_tag?post=1897"}],"curies":[{"name":"wp","href":"https:\/\/api.w.org\/{rel}","templated":true}]}}