{"id":1363,"date":"2016-05-04T13:22:12","date_gmt":"2016-05-04T13:22:12","guid":{"rendered":"http:\/\/moriartyland.net\/mall\/?post_type=product&#038;p=1363"},"modified":"2025-04-29T15:38:41","modified_gmt":"2025-04-29T15:38:41","slug":"wati-watia-zorey-band-zanz-in-lanfer-cd","status":"publish","type":"product","link":"https:\/\/moriartyland.net\/mall\/product\/wati-watia-zorey-band-zanz-in-lanfer-cd\/","title":{"rendered":"Wati Watia Zorey Band &#8211; &#8220;Zanz In Lanf\u00e9r&#8221; &#8211; CD"},"content":{"rendered":"<p>\u26a0\ufe0f Notre boutique d\u00e9m\u00e9nage, vous pouvez retrouver tous les articles de Wati Watia Zorey Band juste <a href=\"https:\/\/airrytmo.myshopify.com\/collections\/wati-watia-zorey-band\"><strong>ici<\/strong><\/a> !<br \/>\n&#8212;<br \/>\n\u26a0\ufe0f Our store is moving, and you can find all Wati Watia Zorey Band items right <a href=\"https:\/\/airrytmo.myshopify.com\/collections\/wati-watia-zorey-band\"><strong>here<\/strong><\/a> !<\/p>\n<table border=\"0\" width=\"700\">\n<tbody>\n<tr>\n<td width=\"350\">\n<p style=\"text-align: justify;\">Il fallait \u00eatre plusieurs \u00ab\u00a0zor\u00e8ys\u00a0\u00bb pour aborder au Pays des Merveilles d&#8217;Alain Peters.<\/p>\n<p style=\"text-align: justify;\">Une langue aussi dense et fleurie qu&#8217;une for\u00eat tropicale, des voix aussi perdues dans la r\u00e9verb qu&#8217;un chant des sir\u00e8nes, une aura d&#8217;ic\u00f4ne insulaire, des vapeurs de rhum, un c\u0153ur nu&#8230; on voudrait \u00eatre l&#8217;ami(e) qui tend la main au po\u00e8te en perdition, mais on n&#8217;est que le collectif de musiciens qui allons reprendre ses morceaux.<\/p>\n<p style=\"text-align: justify;\">Alain Peters est un monument de la musique r\u00e9unionnaise, une idole locale, et qui plus est, les rythmes de l&#8217;oc\u00e9an indien sont r\u00e9put\u00e9s injouables, incompr\u00e9hensibles pour les non-locaux.\u00a0Il y a un pont \u00e0 franchir, une passerelle \u00e0 suspendre au-dessus des oc\u00e9ans. Il ne faut pas traduire la langue cr\u00e9ole pour la comprendre ; c&#8217;est son esprit qu&#8217;il faut tenter de saisir. Idem pour la musique. Il nous faut retrouver en nous-m\u00eame, cet endroit intime d&#8217;o\u00f9 parle une langue secr\u00e8te, mouvante, la langue de l&#8217;\u00e2me, du c\u0153ur, de l&#8217;imaginaire, une langue de r\u00e9sistance, fi\u00e8re et insoumise. Alain Peters s&#8217;exprime d&#8217;un endroit si profond, si juste, si simple et si sinc\u00e8re, si unique aussi, \u00e0 la crois\u00e9e des musiques, des religions, des continents&#8230; Entre catholicisme et hindouisme, Afrique et Occident, entre rock&#8217;n&#8217;roll et bal-la-poussi\u00e8re, entre star syst\u00e8me et home-studio, il fait na\u00eetre une perle rare d&#8217;un grain de sable dans le syst\u00e8me.<\/p>\n<p style=\"text-align: justify;\">Il fallait \u00eatre plusieurs pour poursuivre les dialogues entam\u00e9s par Alain Peters, nous sommes six\u00a0: 2 chanteuses et 4 instrumentistes, pour retracer la descente d&#8217;un ange aux Enfers.<\/p>\n<\/td>\n<\/tr>\n<\/tbody>\n<\/table>\n","protected":false},"excerpt":{"rendered":"<p>Moriarty&#8217;s new project : Wati Watia Zorey Band<br \/>\nAlbum &#8220;Zanz in Lanf\u00e9r&#8221;<br \/>\nWith Marjolaine Karlin &amp; Friends<\/p>\n","protected":false},"featured_media":3105,"comment_status":"closed","ping_status":"closed","template":"","meta":{"jetpack_publicize_message":"","jetpack_is_tweetstorm":false,"jetpack_publicize_feature_enabled":true,"jetpack_social_post_already_shared":true,"jetpack_social_options":{"image_generator_settings":{"template":"highway","enabled":false}}},"product_cat":[69],"product_tag":[],"jetpack_publicize_connections":[],"aioseo_notices":[],"_links":{"self":[{"href":"https:\/\/moriartyland.net\/mall\/wp-json\/wp\/v2\/product\/1363"}],"collection":[{"href":"https:\/\/moriartyland.net\/mall\/wp-json\/wp\/v2\/product"}],"about":[{"href":"https:\/\/moriartyland.net\/mall\/wp-json\/wp\/v2\/types\/product"}],"replies":[{"embeddable":true,"href":"https:\/\/moriartyland.net\/mall\/wp-json\/wp\/v2\/comments?post=1363"}],"wp:featuredmedia":[{"embeddable":true,"href":"https:\/\/moriartyland.net\/mall\/wp-json\/wp\/v2\/media\/3105"}],"wp:attachment":[{"href":"https:\/\/moriartyland.net\/mall\/wp-json\/wp\/v2\/media?parent=1363"}],"wp:term":[{"taxonomy":"product_cat","embeddable":true,"href":"https:\/\/moriartyland.net\/mall\/wp-json\/wp\/v2\/product_cat?post=1363"},{"taxonomy":"product_tag","embeddable":true,"href":"https:\/\/moriartyland.net\/mall\/wp-json\/wp\/v2\/product_tag?post=1363"}],"curies":[{"name":"wp","href":"https:\/\/api.w.org\/{rel}","templated":true}]}}